{"id":474,"date":"2024-02-19T05:19:34","date_gmt":"2024-02-19T05:19:34","guid":{"rendered":"https:\/\/ftamuhendislik.com\/?page_id=474"},"modified":"2024-03-04T03:19:14","modified_gmt":"2024-03-04T03:19:14","slug":"ag-pano-cozumleri","status":"publish","type":"page","link":"https:\/\/ftamuhendislik.com\/index.php\/ag-pano-cozumleri\/","title":{"rendered":"AG PANO \u00c7\u00d6Z\u00dcMLER\u0130"},"content":{"rendered":"\t\t<div data-elementor-type=\"wp-page\" data-elementor-id=\"474\" class=\"elementor elementor-474\">\n\t\t\t\t\t\t<section class=\"has_eae_slider elementor-section elementor-top-section elementor-element elementor-element-2fc8036c elementor-section-full_width elementor-section-height-min-height elementor-section-height-default elementor-section-items-middle\" data-id=\"2fc8036c\" data-element_type=\"section\" data-settings=\"{&quot;background_background&quot;:&quot;classic&quot;}\">\n\t\t\t\t\t\t<div class=\"elementor-container elementor-column-gap-default\">\n\t\t\t\t\t<div class=\"has_eae_slider elementor-column elementor-col-50 elementor-top-column elementor-element elementor-element-64d808c3\" data-id=\"64d808c3\" data-element_type=\"column\">\n\t\t\t<div class=\"elementor-widget-wrap elementor-element-populated\">\n\t\t\t\t\t\t<div class=\"elementor-element elementor-element-67c95fbe elementor-widget elementor-widget-heading\" data-id=\"67c95fbe\" data-element_type=\"widget\" data-widget_type=\"heading.default\">\n\t\t\t\t<div class=\"elementor-widget-container\">\n\t\t\t<style>\/*! elementor - v3.19.0 - 28-02-2024 *\/\n.elementor-heading-title{padding:0;margin:0;line-height:1}.elementor-widget-heading .elementor-heading-title[class*=elementor-size-]>a{color:inherit;font-size:inherit;line-height:inherit}.elementor-widget-heading .elementor-heading-title.elementor-size-small{font-size:15px}.elementor-widget-heading .elementor-heading-title.elementor-size-medium{font-size:19px}.elementor-widget-heading .elementor-heading-title.elementor-size-large{font-size:29px}.elementor-widget-heading .elementor-heading-title.elementor-size-xl{font-size:39px}.elementor-widget-heading .elementor-heading-title.elementor-size-xxl{font-size:59px}<\/style><h2 class=\"elementor-heading-title elementor-size-default\">AG PANO \u00c7\u00d6Z\u00dcMLER\u0130<\/h2>\t\t<\/div>\n\t\t\t\t<\/div>\n\t\t\t\t\t<\/div>\n\t\t<\/div>\n\t\t\t\t<div class=\"has_eae_slider elementor-column elementor-col-50 elementor-top-column elementor-element elementor-element-74c009eb\" data-id=\"74c009eb\" data-element_type=\"column\">\n\t\t\t<div class=\"elementor-widget-wrap elementor-element-populated\">\n\t\t\t\t\t\t<div class=\"elementor-element elementor-element-ce72070 elementor-widget elementor-widget-text-editor\" data-id=\"ce72070\" data-element_type=\"widget\" data-widget_type=\"text-editor.default\">\n\t\t\t\t<div class=\"elementor-widget-container\">\n\t\t\t<style>\/*! elementor - v3.19.0 - 28-02-2024 *\/\n.elementor-widget-text-editor.elementor-drop-cap-view-stacked .elementor-drop-cap{background-color:#69727d;color:#fff}.elementor-widget-text-editor.elementor-drop-cap-view-framed .elementor-drop-cap{color:#69727d;border:3px solid;background-color:transparent}.elementor-widget-text-editor:not(.elementor-drop-cap-view-default) .elementor-drop-cap{margin-top:8px}.elementor-widget-text-editor:not(.elementor-drop-cap-view-default) .elementor-drop-cap-letter{width:1em;height:1em}.elementor-widget-text-editor .elementor-drop-cap{float:left;text-align:center;line-height:1;font-size:50px}.elementor-widget-text-editor .elementor-drop-cap-letter{display:inline-block}<\/style>\t\t\t\t<p>G\u00fc\u00e7l\u00fc Tasar\u0131m, Kesintisiz Enerji Y\u00f6netimi ve M\u00fckemmel G\u00fcvenilirlikle Tan\u0131\u015f\u0131n.<\/p>\t\t\t\t\t\t<\/div>\n\t\t\t\t<\/div>\n\t\t\t\t\t<\/div>\n\t\t<\/div>\n\t\t\t\t\t<\/div>\n\t\t<\/section>\n\t\t\t\t<section class=\"has_eae_slider elementor-section elementor-top-section elementor-element elementor-element-4af679a elementor-section-boxed elementor-section-height-default elementor-section-height-default\" data-id=\"4af679a\" data-element_type=\"section\">\n\t\t\t\t\t\t<div class=\"elementor-container elementor-column-gap-default\">\n\t\t\t\t\t<div class=\"has_eae_slider elementor-column elementor-col-100 elementor-top-column elementor-element elementor-element-01f6bb5\" data-id=\"01f6bb5\" data-element_type=\"column\">\n\t\t\t<div class=\"elementor-widget-wrap elementor-element-populated\">\n\t\t\t\t\t\t<div class=\"elementor-element elementor-element-7d429c5 elementor-widget elementor-widget-eael-image-accordion\" data-id=\"7d429c5\" data-element_type=\"widget\" data-widget_type=\"eael-image-accordion.default\">\n\t\t\t\t<div class=\"elementor-widget-container\">\n\t\t\t    <div class=\"eael-img-accordion accordion-direction-horizontal eael-img-accordion-horizontal-align-center eael-img-accordion-vertical-align-center\" id=\"eael-img-accordion-7d429c5\" data-img-accordion-id=\"7d429c5\" data-img-accordion-type=\"on-hover\">\n                    \n            <div class=\"eael-image-accordion-hover eael-image-accordion-item\" style=\"background-image: url(https:\/\/ftamuhendislik.com\/wp-content\/uploads\/2024\/03\/77f44520ed.jpg);\"  tabindex=\"0\">\n                <div class=\"overlay\">\n                    <div class=\"overlay-inner \">\n                        <h2 class=\"img-accordion-title\">Elektrik Anahtarlama \u00c7\u00f6z\u00fcmleri<\/h2>                            <p><p>Enerji y\u00f6netimi konusunda \u00e7e\u015fitli \u00e7\u00f6z\u00fcmler sunarak g\u00fcvenilir elektrik da\u011f\u0131t\u0131m\u0131n\u0131 sa\u011flar.<\/p><\/p>\n                                            <\/div>\n                <\/div>\n            <\/div>\n                    \n            <div class=\"eael-image-accordion-hover eael-image-accordion-item\" style=\"background-image: url(https:\/\/ftamuhendislik.com\/wp-content\/uploads\/2024\/03\/25d7c23215.jpg);\"  tabindex=\"1\">\n                <div class=\"overlay\">\n                    <div class=\"overlay-inner \">\n                        <h2 class=\"img-accordion-title\">Da\u011f\u0131t\u0131m ve Y\u00fck Transfer Panolar\u0131<\/h2>                            <p><p>Enerji ak\u0131\u015f\u0131n\u0131 y\u00f6netmek ve g\u00fcvenli bir \u015fekilde y\u00fck transferini ger\u00e7ekle\u015ftirmek i\u00e7in tasarlanm\u0131\u015ft\u0131r.<\/p><\/p>\n                                            <\/div>\n                <\/div>\n            <\/div>\n                    \n            <div class=\"eael-image-accordion-hover eael-image-accordion-item\" style=\"background-image: url(https:\/\/ftamuhendislik.com\/wp-content\/uploads\/2024\/03\/615d0d1d10.jpg);\"  tabindex=\"2\">\n                <div class=\"overlay\">\n                    <div class=\"overlay-inner \">\n                        <h2 class=\"img-accordion-title\">Al\u00e7ak Gerilim Panolar\u0131<\/h2>                            <p><p>Elektrik sistemlerindeki d\u00fc\u015f\u00fck gerilimli ekipmanlar\u0131n g\u00fcvenli bir \u015fekilde kontrol edilmesini ve da\u011f\u0131t\u0131m\u0131n\u0131 sa\u011flar.<\/p><\/p>\n                                            <\/div>\n                <\/div>\n            <\/div>\n                <\/div>\n        <style typr=\"text\/css\">\n                    #eael-img-accordion-7d429c5 .eael-image-accordion-hover:hover {\n                        flex: 3 1 0% !important;\n                    }\n                    #eael-img-accordion-7d429c5 .eael-image-accordion-hover:hover:hover .overlay-inner * {\n                        opacity: 1;\n                        visibility: visible;\n                        transform: none;\n                        transition: all .3s .3s;\n                    }\n                <\/style>\t\t<\/div>\n\t\t\t\t<\/div>\n\t\t\t\t\t<\/div>\n\t\t<\/div>\n\t\t\t\t\t<\/div>\n\t\t<\/section>\n\t\t\t\t<section class=\"has_eae_slider elementor-section elementor-top-section elementor-element elementor-element-4539d34 elementor-section-height-min-height elementor-section-boxed elementor-section-height-default elementor-section-items-middle\" data-id=\"4539d34\" data-element_type=\"section\" data-settings=\"{&quot;background_background&quot;:&quot;classic&quot;}\">\n\t\t\t\t\t\t<div class=\"elementor-container elementor-column-gap-default\">\n\t\t\t\t\t<div class=\"has_eae_slider elementor-column elementor-col-100 elementor-top-column elementor-element elementor-element-48ffc9d\" data-id=\"48ffc9d\" data-element_type=\"column\">\n\t\t\t<div class=\"elementor-widget-wrap elementor-element-populated\">\n\t\t\t\t\t\t<div class=\"elementor-element elementor-element-59fa6ae elementor-widget elementor-widget-heading\" data-id=\"59fa6ae\" data-element_type=\"widget\" data-widget_type=\"heading.default\">\n\t\t\t\t<div class=\"elementor-widget-container\">\n\t\t\t<h2 class=\"elementor-heading-title elementor-size-default\">PANO H\u0130ZMETLER\u0130M\u0130Z<\/h2>\t\t<\/div>\n\t\t\t\t<\/div>\n\t\t\t\t<div class=\"elementor-element elementor-element-fce15ef elementor-widget elementor-widget-sina_fancytext\" data-id=\"fce15ef\" data-element_type=\"widget\" data-widget_type=\"sina_fancytext.default\">\n\t\t\t\t<div class=\"elementor-widget-container\">\n\t\t\t\t\t<div class=\"sina-fancytext\"\r\n\t\tdata-fancy-text=\"G\u00fcvencesiyle@@\u0130mzas\u0131yla@@Dokunu\u015fuyla@@\u0130\u015fbirli\u011fiyle@@Deneyimiyle@@Kalitesiyle@@\u00c7\u00f6z\u00fcm\u00fcyle@@Uzmanl\u0131\u011f\u0131yla@@Teminat\u0131yla@@Profesyonelli\u011fiyle@@\"\r\n\t\tdata-anim=\"typing\"\r\n\t\tdata-speed=\"100\"\r\n\t\tdata-delay=\"2000\"\r\n\t\tdata-cursor=\"yes\"\r\n\t\tdata-loop=\"yes\">\r\n\t\t\t<h3>\r\n\t\t\t\t\t\t\t\t<span class=\"sina-fancytext-prefix\">\r\n\t\t\t\t\t\tFTA M\u00fchendislik\t\t\t\t\t<\/span>\r\n\t\t\t\t\t\t\t\t\t\t<span class=\"sina-fancytext-strings\">\r\n\t\t\t\t\t\tG\u00fcvencesiyle\t\t\t\t\t<\/span>\r\n\t\t\t\t\t\t\t\t<\/h3>\r\n\t\t<\/div><!-- .sina-fancytext -->\r\n\t\t\t\t<\/div>\n\t\t\t\t<\/div>\n\t\t\t\t\t<\/div>\n\t\t<\/div>\n\t\t\t\t\t<\/div>\n\t\t<\/section>\n\t\t\t\t<section class=\"has_eae_slider elementor-section elementor-top-section elementor-element elementor-element-76658f5 elementor-section-boxed elementor-section-height-default elementor-section-height-default\" data-id=\"76658f5\" data-element_type=\"section\">\n\t\t\t\t\t\t<div class=\"elementor-container elementor-column-gap-default\">\n\t\t\t\t\t<div class=\"has_eae_slider elementor-column elementor-col-50 elementor-top-column elementor-element elementor-element-986b312\" data-id=\"986b312\" data-element_type=\"column\">\n\t\t\t<div class=\"elementor-widget-wrap elementor-element-populated\">\n\t\t\t\t\t\t<div class=\"elementor-element elementor-element-8b71886 elementor-widget elementor-widget-heading\" data-id=\"8b71886\" data-element_type=\"widget\" data-widget_type=\"heading.default\">\n\t\t\t\t<div class=\"elementor-widget-container\">\n\t\t\t<h2 class=\"elementor-heading-title elementor-size-default\">Elektrik Anahtarlama \u00c7\u00f6z\u00fcmleri<\/h2>\t\t<\/div>\n\t\t\t\t<\/div>\n\t\t\t\t<div class=\"elementor-element elementor-element-1258885 elementor-widget elementor-widget-text-editor\" data-id=\"1258885\" data-element_type=\"widget\" data-widget_type=\"text-editor.default\">\n\t\t\t\t<div class=\"elementor-widget-container\">\n\t\t\t\t\t\t\t<ul><li><blockquote><p>Koruma ve Kontrol Panolar\u0131<\/p><\/blockquote><\/li><li><blockquote><p>Al\u00e7ak Gerilim Da\u011f\u0131t\u0131m Panolar\u0131<\/p><\/blockquote><\/li><li><blockquote><p>Motor Kontrol Kabinleri<\/p><\/blockquote><\/li><li><blockquote><p>Kontrol Panelleri<\/p><\/blockquote><\/li><li><blockquote><p>Jenerat\u00f6r Koruma ve Uyarma Panolar\u0131<\/p><\/blockquote><\/li><li><blockquote><p>RTU \/ DCS \/ DDC \/ MDB \/ DB ve MCC \/ PLC \/ VAr Panelleri<\/p><\/blockquote><\/li><li><blockquote><p>BT \/ IoT ve \u0130leti\u015fim Panolar\u0131<\/p><\/blockquote><\/li><li><blockquote><p>G\u00fc\u00e7 Y\u00f6netim Merkezleri<\/p><\/blockquote><\/li><\/ul>\t\t\t\t\t\t<\/div>\n\t\t\t\t<\/div>\n\t\t\t\t<div class=\"elementor-element elementor-element-82fd317 content-align-cta-center elementor-widget elementor-widget-eael-cta-box\" data-id=\"82fd317\" data-element_type=\"widget\" data-widget_type=\"eael-cta-box.default\">\n\t\t\t\t<div class=\"elementor-widget-container\">\n\t\t\t\t\t<div class=\"eael-call-to-action cta-basic bg-lite cta-preset-2\">\n        <h2 class=\"title\">Akl\u0131n\u0131zdaki Projeyi Bizimle Payla\u015f\u0131n<\/h2><blockquote><p>Uzman Ekibimiz En \u0130novatif ve Etkili \u00c7\u00f6z\u00fcmleri Sunmak \u0130\u00e7in Haz\u0131r Bekliyor. \u0130htiya\u00e7lar\u0131n\u0131z\u0131 Anlayarak \u00d6zel Tasarlanm\u0131\u015f Projelerle Hayalinizdeki Sonuca Ula\u015fman\u0131za Yard\u0131mc\u0131 Olal\u0131m.<\/p><\/blockquote><a href=\"https:\/\/ftamuhendislik.com\/index.php\/bize-ulasin\/\" class=\"cta-button cta-btn-preset-2 effect-1\"><span class=\"btn-icon\"><svg aria-hidden=\"true\" class=\"e-font-icon-svg e-fas-bullhorn\" viewBox=\"0 0 576 512\" xmlns=\"http:\/\/www.w3.org\/2000\/svg\"><path d=\"M576 240c0-23.63-12.95-44.04-32-55.12V32.01C544 23.26 537.02 0 512 0c-7.12 0-14.19 2.38-19.98 7.02l-85.03 68.03C364.28 109.19 310.66 128 256 128H64c-35.35 0-64 28.65-64 64v96c0 35.35 28.65 64 64 64h33.7c-1.39 10.48-2.18 21.14-2.18 32 0 39.77 9.26 77.35 25.56 110.94 5.19 10.69 16.52 17.06 28.4 17.06h74.28c26.05 0 41.69-29.84 25.9-50.56-16.4-21.52-26.15-48.36-26.15-77.44 0-11.11 1.62-21.79 4.41-32H256c54.66 0 108.28 18.81 150.98 52.95l85.03 68.03a32.023 32.023 0 0 0 19.98 7.02c24.92 0 32-22.78 32-32V295.13C563.05 284.04 576 263.63 576 240zm-96 141.42l-33.05-26.44C392.95 311.78 325.12 288 256 288v-96c69.12 0 136.95-23.78 190.95-66.98L480 98.58v282.84z\"><\/path><\/svg><\/span>Bize Ula\u015f\u0131n!<\/a>\t<\/div>\n\t\t\t\t\t\t<\/div>\n\t\t\t\t<\/div>\n\t\t\t\t\t<\/div>\n\t\t<\/div>\n\t\t\t\t<div class=\"has_eae_slider elementor-column elementor-col-50 elementor-top-column elementor-element elementor-element-fac7069\" data-id=\"fac7069\" data-element_type=\"column\">\n\t\t\t<div class=\"elementor-widget-wrap elementor-element-populated\">\n\t\t\t\t\t\t<div class=\"elementor-element elementor-element-33e6a36 elementor-widget elementor-widget-heading\" data-id=\"33e6a36\" data-element_type=\"widget\" data-widget_type=\"heading.default\">\n\t\t\t\t<div class=\"elementor-widget-container\">\n\t\t\t<h2 class=\"elementor-heading-title elementor-size-default\">Da\u011f\u0131t\u0131m ve Y\u00fck Transfer Panolar\u0131<\/h2>\t\t<\/div>\n\t\t\t\t<\/div>\n\t\t\t\t<div class=\"elementor-element elementor-element-20033d3 elementor-widget elementor-widget-text-editor\" data-id=\"20033d3\" data-element_type=\"widget\" data-widget_type=\"text-editor.default\">\n\t\t\t\t<div class=\"elementor-widget-container\">\n\t\t\t\t\t\t\t<blockquote><ul><li><p>Y\u00fck Payla\u015f\u0131m\u0131 ve Senkronizasyon Panolar\u0131<\/p><\/li><li><p>Yerel Da\u011f\u0131t\u0131m Panolar\u0131<\/p><\/li><li><p>Ayd\u0131nlatma Da\u011f\u0131t\u0131m Panolar\u0131<\/p><\/li><li><p>G\u00fc\u00e7 Fakt\u00f6r\u00fc D\u00fczeltme Panolar\u0131<\/p><\/li><li><p>Harmonik Filtreleme Panelleri<\/p><\/li><li><p>Motor Kontrol Merkezleri<\/p><\/li><li><p>S\u00fcrekli prosesli \u00fcretim hatlar\u0131<\/p><\/li><li><p>Ba\u011f\u0131ms\u0131z prosesler ve makine kontrol panelleri<\/p><\/li><li><p>Ak\u0131ll\u0131 Bina, HVAC sistemleri<\/p><\/li><li><p>H\u0131z kontrol\u00fc ve yumu\u015fak ba\u015flang\u0131\u00e7 panelleri<\/p><\/li><li><p>Proje destekli otomatik kontrol sistemleri panelleri<\/p><\/li><li><p>Bina Y\u00f6netim Sistemi panelleri<\/p><\/li><li><p>Ya\u015fam destek \u00fcnitesi panelleri<\/p><\/li><li><p>Yang\u0131n acil durum kontrol panelleri<\/p><\/li><li><p>End\u00fcstriyel tesisler<\/p><\/li><li><p>Enerji \u00dcretim Sistemleri<\/p><\/li><li><p>Y\u00fcksek Gerilim Kontrol Merkezleri<\/p><\/li><li><p>Koruma r\u00f6lesi ve kontrol panelleri<\/p><\/li><li><p>\u00d6l\u00e7\u00fcm panelleri<\/p><\/li><li><p>Gaz Yal\u0131t\u0131ml\u0131 H\u00fccre kontrol panelleri<\/p><\/li><li><p>Devre kontrol panelleri<\/p><\/li><li><p>Marshalling dolaplar\u0131 \/ Marshalling kiosk<\/p><\/li><li><p>Kontrol ve Y\u00f6netim Entegrasyon masalar\u0131<\/p><\/li><li><p>OG Kontrol Merkezleri<\/p><\/li><li><p>36\/12 kV kompakt da\u011f\u0131t\u0131m trafo merkezleri<\/p><\/li><li><p>Metal kapal\u0131 kabinler ve OG dahil<\/p><\/li><li><p>12 kV&#8217;a kadar invert\u00f6rler<\/p><\/li><li><p>SF6 veya VCB ile sabit \/ \u00e7ekilebilir MV kabinleri i\u00e7in se\u00e7enekler<\/p><\/li><li><p>Giri\u015f \/ \u00e7\u0131k\u0131\u015f, kaplin, \u00f6l\u00e7\u00fc kabinleri yap\u0131s\u0131na sahip halka veya simetrik besleme hatlar\u0131 i\u00e7in se\u00e7enekler<\/p><\/li><li><p>Zorlu ortamlar veya D\u0131\u015f mekan uygulamalar\u0131 i\u00e7in metal trafo merkezi \u00e7\u00f6z\u00fcmleri<\/p><\/li><\/ul><\/blockquote>\t\t\t\t\t\t<\/div>\n\t\t\t\t<\/div>\n\t\t\t\t\t<\/div>\n\t\t<\/div>\n\t\t\t\t\t<\/div>\n\t\t<\/section>\n\t\t\t\t<\/div>\n\t\t","protected":false},"excerpt":{"rendered":"<p>AG PANO \u00c7\u00d6Z\u00dcMLER\u0130 G\u00fc\u00e7l\u00fc Tasar\u0131m, Kesintisiz Enerji Y\u00f6netimi ve M\u00fckemmel G\u00fcvenilirlikle Tan\u0131\u015f\u0131n. Elektrik Anahtarlama \u00c7\u00f6z\u00fcmleri Enerji y\u00f6netimi konusunda \u00e7e\u015fitli \u00e7\u00f6z\u00fcmler sunarak g\u00fcvenilir elektrik da\u011f\u0131t\u0131m\u0131n\u0131 sa\u011flar. Da\u011f\u0131t\u0131m ve Y\u00fck Transfer Panolar\u0131 Enerji ak\u0131\u015f\u0131n\u0131 y\u00f6netmek ve g\u00fcvenli bir \u015fekilde y\u00fck transferini ger\u00e7ekle\u015ftirmek i\u00e7in tasarlanm\u0131\u015ft\u0131r. Al\u00e7ak Gerilim Panolar\u0131 Elektrik sistemlerindeki d\u00fc\u015f\u00fck gerilimli ekipmanlar\u0131n g\u00fcvenli bir \u015fekilde kontrol edilmesini [&hellip;]<\/p>\n","protected":false},"author":1,"featured_media":0,"parent":0,"menu_order":0,"comment_status":"closed","ping_status":"closed","template":"","meta":{"_eb_attr":"","_themeisle_gutenberg_block_has_review":false,"footnotes":""},"_links":{"self":[{"href":"https:\/\/ftamuhendislik.com\/index.php\/wp-json\/wp\/v2\/pages\/474"}],"collection":[{"href":"https:\/\/ftamuhendislik.com\/index.php\/wp-json\/wp\/v2\/pages"}],"about":[{"href":"https:\/\/ftamuhendislik.com\/index.php\/wp-json\/wp\/v2\/types\/page"}],"author":[{"embeddable":true,"href":"https:\/\/ftamuhendislik.com\/index.php\/wp-json\/wp\/v2\/users\/1"}],"replies":[{"embeddable":true,"href":"https:\/\/ftamuhendislik.com\/index.php\/wp-json\/wp\/v2\/comments?post=474"}],"version-history":[{"count":52,"href":"https:\/\/ftamuhendislik.com\/index.php\/wp-json\/wp\/v2\/pages\/474\/revisions"}],"predecessor-version":[{"id":1256,"href":"https:\/\/ftamuhendislik.com\/index.php\/wp-json\/wp\/v2\/pages\/474\/revisions\/1256"}],"wp:attachment":[{"href":"https:\/\/ftamuhendislik.com\/index.php\/wp-json\/wp\/v2\/media?parent=474"}],"curies":[{"name":"wp","href":"https:\/\/api.w.org\/{rel}","templated":true}]}}