{"id":44,"date":"2024-02-12T22:36:14","date_gmt":"2024-02-12T22:36:14","guid":{"rendered":"https:\/\/ftamuhendislik.com\/?page_id=44"},"modified":"2024-05-20T14:58:31","modified_gmt":"2024-05-20T14:58:31","slug":"hakkimizda","status":"publish","type":"page","link":"https:\/\/ftamuhendislik.com\/index.php\/hakkimizda\/","title":{"rendered":"HAKKIMIZDA"},"content":{"rendered":"\t\t<div data-elementor-type=\"wp-page\" data-elementor-id=\"44\" class=\"elementor elementor-44\">\n\t\t\t\t\t\t<section class=\"has_eae_slider elementor-section elementor-top-section elementor-element elementor-element-4e1ea64e elementor-section-full_width elementor-section-height-min-height elementor-section-height-default elementor-section-items-middle\" data-id=\"4e1ea64e\" data-element_type=\"section\" data-settings=\"{&quot;background_background&quot;:&quot;classic&quot;}\">\n\t\t\t\t\t\t<div class=\"elementor-container elementor-column-gap-default\">\n\t\t\t\t\t<div class=\"has_eae_slider elementor-column elementor-col-50 elementor-top-column elementor-element elementor-element-3baf5bbf\" data-id=\"3baf5bbf\" data-element_type=\"column\">\n\t\t\t<div class=\"elementor-widget-wrap elementor-element-populated\">\n\t\t\t\t\t\t<div class=\"elementor-element elementor-element-7aa1cbff elementor-widget elementor-widget-heading\" data-id=\"7aa1cbff\" data-element_type=\"widget\" data-widget_type=\"heading.default\">\n\t\t\t\t<div class=\"elementor-widget-container\">\n\t\t\t<style>\/*! elementor - v3.19.0 - 28-02-2024 *\/\n.elementor-heading-title{padding:0;margin:0;line-height:1}.elementor-widget-heading .elementor-heading-title[class*=elementor-size-]>a{color:inherit;font-size:inherit;line-height:inherit}.elementor-widget-heading .elementor-heading-title.elementor-size-small{font-size:15px}.elementor-widget-heading .elementor-heading-title.elementor-size-medium{font-size:19px}.elementor-widget-heading .elementor-heading-title.elementor-size-large{font-size:29px}.elementor-widget-heading .elementor-heading-title.elementor-size-xl{font-size:39px}.elementor-widget-heading .elementor-heading-title.elementor-size-xxl{font-size:59px}<\/style><h2 class=\"elementor-heading-title elementor-size-default\"><i data-sider-select-id=\"34563d54-4392-4f63-afe2-ede7a8f77859\">HAKKIMIZDA<\/i><\/h2>\t\t<\/div>\n\t\t\t\t<\/div>\n\t\t\t\t\t<\/div>\n\t\t<\/div>\n\t\t\t\t<div class=\"has_eae_slider elementor-column elementor-col-50 elementor-top-column elementor-element elementor-element-7c960c37\" data-id=\"7c960c37\" data-element_type=\"column\">\n\t\t\t<div class=\"elementor-widget-wrap elementor-element-populated\">\n\t\t\t\t\t\t<div class=\"elementor-element elementor-element-202eda69 elementor-hidden-mobile elementor-widget elementor-widget-text-editor\" data-id=\"202eda69\" data-element_type=\"widget\" data-widget_type=\"text-editor.default\">\n\t\t\t\t<div class=\"elementor-widget-container\">\n\t\t\t<style>\/*! elementor - v3.19.0 - 28-02-2024 *\/\n.elementor-widget-text-editor.elementor-drop-cap-view-stacked .elementor-drop-cap{background-color:#69727d;color:#fff}.elementor-widget-text-editor.elementor-drop-cap-view-framed .elementor-drop-cap{color:#69727d;border:3px solid;background-color:transparent}.elementor-widget-text-editor:not(.elementor-drop-cap-view-default) .elementor-drop-cap{margin-top:8px}.elementor-widget-text-editor:not(.elementor-drop-cap-view-default) .elementor-drop-cap-letter{width:1em;height:1em}.elementor-widget-text-editor .elementor-drop-cap{float:left;text-align:center;line-height:1;font-size:50px}.elementor-widget-text-editor .elementor-drop-cap-letter{display:inline-block}<\/style>\t\t\t\t<p>Uzman Kadromuzla Projelerinizi Zirveye \u00c7\u0131kar\u0131n!<\/p>\t\t\t\t\t\t<\/div>\n\t\t\t\t<\/div>\n\t\t\t\t\t<\/div>\n\t\t<\/div>\n\t\t\t\t\t<\/div>\n\t\t<\/section>\n\t\t\t\t<section class=\"has_eae_slider elementor-section elementor-top-section elementor-element elementor-element-daf4771 elementor-section-boxed elementor-section-height-default elementor-section-height-default\" data-id=\"daf4771\" data-element_type=\"section\">\n\t\t\t\t\t\t<div class=\"elementor-container elementor-column-gap-default\">\n\t\t\t\t\t<div class=\"has_eae_slider elementor-column elementor-col-50 elementor-top-column elementor-element elementor-element-27d07e0 animated-slow elementor-invisible\" data-id=\"27d07e0\" data-element_type=\"column\" data-settings=\"{&quot;animation&quot;:&quot;fadeInDown&quot;}\">\n\t\t\t<div class=\"elementor-widget-wrap elementor-element-populated\">\n\t\t\t\t\t\t<div class=\"elementor-element elementor-element-a4448e6 eael-team-align-centered elementor-widget elementor-widget-eael-team-member\" data-id=\"a4448e6\" data-element_type=\"widget\" data-widget_type=\"eael-team-member.default\">\n\t\t\t\t<div class=\"elementor-widget-container\">\n\t\t\t\n\n\t<div id=\"eael-team-member-a4448e6\" class=\"eael-team-item eael-team-members-circle \">\n\t\t<div class=\"eael-team-item-inner\">\n\t\t\t<div class=\"eael-team-image\">\n\t\t\t\t<figure>\n\t\t\t\t\t<img decoding=\"async\" src=\"\" alt=\"\">\n\t\t\t\t<\/figure>\n\t\t\t\t\n\t\t\t\t\n\t\t\t<\/div>\n\n\t\t\t<div class=\"eael-team-content\">\n\t\t\t\t<h3 class=\"eael-team-member-name\">Fatih At\u0131lgan<\/h3>\n\t\t\t\t<h4 class=\"eael-team-member-position\">Kurucu \/ Y\u00f6netici<\/h4>\n\n\t\t\t\t\t\t\t\t\t\t\t\t\t\t\t<ul class=\"eael-team-member-social-profiles\">\n\t\t\t\t\t\t\t\t\t\t\t\t\t\t\t\t\t\t\t\t\t\t\t\t\t\t\t\t\t\t\t\t\t\t\t\t\t\t\t\t\t<li class=\"eael-team-member-social-link\">\n\t\t\t\t\t\t\t\t\t\t<a href=\"http:\/\/instagram.com\/ftamuhendislik\" target=\"_blank\">\n\t\t\t\t\t\t\t\t\t\t\t\t\t\t\t\t\t\t\t\t\t\t\t<svg aria-hidden=\"true\" class=\"e-font-icon-svg e-fab-instagram\" viewBox=\"0 0 448 512\" xmlns=\"http:\/\/www.w3.org\/2000\/svg\"><path d=\"M224.1 141c-63.6 0-114.9 51.3-114.9 114.9s51.3 114.9 114.9 114.9S339 319.5 339 255.9 287.7 141 224.1 141zm0 189.6c-41.1 0-74.7-33.5-74.7-74.7s33.5-74.7 74.7-74.7 74.7 33.5 74.7 74.7-33.6 74.7-74.7 74.7zm146.4-194.3c0 14.9-12 26.8-26.8 26.8-14.9 0-26.8-12-26.8-26.8s12-26.8 26.8-26.8 26.8 12 26.8 26.8zm76.1 27.2c-1.7-35.9-9.9-67.7-36.2-93.9-26.2-26.2-58-34.4-93.9-36.2-37-2.1-147.9-2.1-184.9 0-35.8 1.7-67.6 9.9-93.9 36.1s-34.4 58-36.2 93.9c-2.1 37-2.1 147.9 0 184.9 1.7 35.9 9.9 67.7 36.2 93.9s58 34.4 93.9 36.2c37 2.1 147.9 2.1 184.9 0 35.9-1.7 67.7-9.9 93.9-36.2 26.2-26.2 34.4-58 36.2-93.9 2.1-37 2.1-147.8 0-184.8zM398.8 388c-7.8 19.6-22.9 34.7-42.6 42.6-29.5 11.7-99.5 9-132.1 9s-102.7 2.6-132.1-9c-19.6-7.8-34.7-22.9-42.6-42.6-11.7-29.5-9-99.5-9-132.1s-2.6-102.7 9-132.1c7.8-19.6 22.9-34.7 42.6-42.6 29.5-11.7 99.5-9 132.1-9s102.7-2.6 132.1 9c19.6 7.8 34.7 22.9 42.6 42.6 11.7 29.5 9 99.5 9 132.1s2.7 102.7-9 132.1z\"><\/path><\/svg>\t\t\t\t\t\t\t\t\t\t\t\t\t\t\t\t\t\t\t\t\t<\/a>\n\t\t\t\t\t\t\t\t\t<\/li>\n\t\t\t\t\t\t\t\t\t\t\t\t\t\t\t\t\t\t\t\t\t\t\t\t\t\t\t\t\t\t\t\t\t\t\t\t\t\t\t\t\t\t\t\t\t\t\t\t\t<li class=\"eael-team-member-social-link\">\n\t\t\t\t\t\t\t\t\t\t<a href=\"http:\/\/wa.me\/905464646368\" target=\"_blank\">\n\t\t\t\t\t\t\t\t\t\t\t\t\t\t\t\t\t\t\t\t\t\t\t<svg aria-hidden=\"true\" class=\"e-font-icon-svg e-fab-whatsapp\" viewBox=\"0 0 448 512\" xmlns=\"http:\/\/www.w3.org\/2000\/svg\"><path d=\"M380.9 97.1C339 55.1 283.2 32 223.9 32c-122.4 0-222 99.6-222 222 0 39.1 10.2 77.3 29.6 111L0 480l117.7-30.9c32.4 17.7 68.9 27 106.1 27h.1c122.3 0 224.1-99.6 224.1-222 0-59.3-25.2-115-67.1-157zm-157 341.6c-33.2 0-65.7-8.9-94-25.7l-6.7-4-69.8 18.3L72 359.2l-4.4-7c-18.5-29.4-28.2-63.3-28.2-98.2 0-101.7 82.8-184.5 184.6-184.5 49.3 0 95.6 19.2 130.4 54.1 34.8 34.9 56.2 81.2 56.1 130.5 0 101.8-84.9 184.6-186.6 184.6zm101.2-138.2c-5.5-2.8-32.8-16.2-37.9-18-5.1-1.9-8.8-2.8-12.5 2.8-3.7 5.6-14.3 18-17.6 21.8-3.2 3.7-6.5 4.2-12 1.4-32.6-16.3-54-29.1-75.5-66-5.7-9.8 5.7-9.1 16.3-30.3 1.8-3.7.9-6.9-.5-9.7-1.4-2.8-12.5-30.1-17.1-41.2-4.5-10.8-9.1-9.3-12.5-9.5-3.2-.2-6.9-.2-10.6-.2-3.7 0-9.7 1.4-14.8 6.9-5.1 5.6-19.4 19-19.4 46.3 0 27.3 19.9 53.7 22.6 57.4 2.8 3.7 39.1 59.7 94.8 83.8 35.2 15.2 49 16.5 66.6 13.9 10.7-1.6 32.8-13.4 37.4-26.4 4.6-13 4.6-24.1 3.2-26.4-1.3-2.5-5-3.9-10.5-6.6z\"><\/path><\/svg>\t\t\t\t\t\t\t\t\t\t\t\t\t\t\t\t\t\t\t\t\t<\/a>\n\t\t\t\t\t\t\t\t\t<\/li>\n\t\t\t\t\t\t\t\t\t\t\t\t\t\t\t\t\t\t\t\t\t\t\t\t\t\t\t\t\t\t\t\t\t\t\t\t\t\t\t\t\t\t\t\t\t\t\t\t\t<li class=\"eael-team-member-social-link\">\n\t\t\t\t\t\t\t\t\t\t<a href=\"https:\/\/www.linkedin.com\/in\/fatih-atilgan-967476171\/\" target=\"_blank\">\n\t\t\t\t\t\t\t\t\t\t\t\t\t\t\t\t\t\t\t\t\t\t\t<svg aria-hidden=\"true\" class=\"e-font-icon-svg e-fab-linkedin\" viewBox=\"0 0 448 512\" xmlns=\"http:\/\/www.w3.org\/2000\/svg\"><path d=\"M416 32H31.9C14.3 32 0 46.5 0 64.3v383.4C0 465.5 14.3 480 31.9 480H416c17.6 0 32-14.5 32-32.3V64.3c0-17.8-14.4-32.3-32-32.3zM135.4 416H69V202.2h66.5V416zm-33.2-243c-21.3 0-38.5-17.3-38.5-38.5S80.9 96 102.2 96c21.2 0 38.5 17.3 38.5 38.5 0 21.3-17.2 38.5-38.5 38.5zm282.1 243h-66.4V312c0-24.8-.5-56.7-34.5-56.7-34.6 0-39.9 27-39.9 54.9V416h-66.4V202.2h63.7v29.2h.9c8.9-16.8 30.6-34.5 62.9-34.5 67.2 0 79.7 44.3 79.7 101.9V416z\"><\/path><\/svg>\t\t\t\t\t\t\t\t\t\t\t\t\t\t\t\t\t\t\t\t\t<\/a>\n\t\t\t\t\t\t\t\t\t<\/li>\n\t\t\t\t\t\t\t\t\t\t\t\t\t\t\t\t\t\t\t\t\t<\/ul>\n\t\t\t\t\t\t\t\t\t\t<p class=\"eael-team-text\"><\/p>\n\t\t\t\t\t\t\t<\/div>\n\t\t<\/div>\n\t<\/div>\n\t\t\t<\/div>\n\t\t\t\t<\/div>\n\t\t\t\t\t<\/div>\n\t\t<\/div>\n\t\t\t\t<div class=\"has_eae_slider elementor-column elementor-col-50 elementor-top-column elementor-element elementor-element-0272709 animated-slow elementor-invisible\" data-id=\"0272709\" data-element_type=\"column\" data-settings=\"{&quot;background_background&quot;:&quot;classic&quot;,&quot;animation&quot;:&quot;fadeInDown&quot;}\">\n\t\t\t<div class=\"elementor-widget-wrap elementor-element-populated\">\n\t\t\t\t\t\t<div class=\"elementor-element elementor-element-131321a elementor-widget elementor-widget-eael-svg-draw\" data-id=\"131321a\" data-element_type=\"widget\" data-widget_type=\"eael-svg-draw.default\">\n\t\t\t\t<div class=\"elementor-widget-container\">\n\t\t\t<div class=\"eael-svg-draw-container page-load \" data-settings=\"{&quot;fill&quot;:&quot;&quot;,&quot;speed&quot;:&quot;20&quot;,&quot;offset&quot;:&quot;&quot;,&quot;loop&quot;:&quot;yes&quot;,&quot;pause&quot;:&quot;no&quot;,&quot;direction&quot;:&quot;reverse&quot;,&quot;excludeStyle&quot;:&quot;&quot;}\"><svg xmlns=\"http:\/\/www.w3.org\/2000\/svg\" xmlns:xlink=\"http:\/\/www.w3.org\/1999\/xlink\" id=\"Layer_1\" x=\"0px\" y=\"0px\" viewBox=\"0 0 595.28 332.82\" style=\"enable-background:new 0 0 595.28 332.82;\" xml:space=\"preserve\"><style type=\"text\/css\">\t.st0{fill:#2F2483;}\t.st1{fill:#F8AC00;}\t.st2{fill:#FFED00;}<\/style><path class=\"st0\" d=\"M138.16,110.07c-0.14-0.08-0.28-0.16-0.42-0.24c-1.67-0.93-3.35-1.79-5.05-2.58 c-36-16.73-79.35-3.06-98.99,32.18c-12.7,22.8-12.5,49.3-1.78,71.07c-15.19-25.61-16.73-58.39-1.19-86.28 c23.24-41.73,75.92-56.71,117.65-33.46L138.16,110.07z\"><\/path><path class=\"st0\" d=\"M181.83,208.4c-23.24,41.73-75.92,56.71-117.65,33.46l10.17-19.34l0.46,0.26c1.62,0.9,3.26,1.74,4.91,2.51 c36.03,16.84,79.47,3.18,99.13-32.11c12.7-22.79,12.5-49.28,1.79-71.05C195.83,147.75,197.37,180.52,181.83,208.4\"><\/path><polygon class=\"st1\" points=\"157.35,153.51 70.34,246.26 49.3,268.7 63.06,242.51 96.48,178.92 52.77,180.38 142.02,86.47  163.26,64.13 149.44,90.28 115.27,154.94 \"><\/polygon><path class=\"st0\" d=\"M461.41,130.28l-11-26.56l-11,26.56H461.41z M466.46,142.47h-32.2l-6.14,14.86h-16.45l30.91-69.36h15.85 l31.01,69.36H472.6L466.46,142.47z M377.38,101.05h-22.2V87.97h60.44v13.08h-22.2v56.28h-16.05V101.05z M315.25,100.85v18.33h32.1 v12.88h-32.1v25.27H299.2V87.97h52.42v12.88H315.25z\"><\/path><path class=\"st2\" d=\"M569.71,222.98h5.8l-15.76-19.07l14.81-15.61h-5.65l-18.83,19.37V188.3h-4.95v34.68h4.95v-8.97l6.34-6.44 L569.71,222.98z M529.77,222.98h4.95V188.3h-4.95V222.98z M532.25,184.58c1.63,0,2.92-1.24,2.92-2.92c0-1.63-1.29-2.92-2.92-2.92 c-1.63,0-2.92,1.29-2.92,2.92C529.33,183.34,530.62,184.58,532.25,184.58z M500.35,222.98h23.73v-4.31H505.3V188.3h-4.95V222.98z  M479.69,223.37c9.17,0,13.43-4.56,13.43-9.85c0-12.72-21.01-7.41-21.01-15.9c0-3.03,2.53-5.51,8.42-5.51 c3.07,0,6.49,0.89,9.51,2.82l1.63-3.96c-2.87-1.98-7.08-3.07-11.15-3.07c-9.12,0-13.28,4.56-13.28,9.92c0,12.89,21.01,7.55,21.01,16 c0,3.02-2.58,5.34-8.57,5.34c-4.46,0-8.87-1.68-11.44-4.01l-1.83,3.86C469.18,221.59,474.39,223.37,479.69,223.37z M454.22,222.98 h4.95V188.3h-4.95V222.98z M456.7,184.58c1.63,0,2.92-1.24,2.92-2.92c0-1.63-1.29-2.92-2.92-2.92c-1.63,0-2.92,1.29-2.92,2.92 C453.78,183.34,455.06,184.58,456.7,184.58z M418.25,218.67v-26.06h9.36c8.57,0,14.07,5.25,14.07,13.03 c0,7.78-5.5,13.03-14.07,13.03H418.25z M413.3,222.98h14.61c11.15,0,18.73-7.03,18.73-17.34c0-10.3-7.58-17.34-18.73-17.34H413.3 V222.98z M397.94,188.3v25.86l-20.81-25.86h-4.06v34.68h4.95v-25.86l20.81,25.86h4.06V188.3H397.94z M344.83,218.67v-11.2h17.39 v-4.21h-17.39v-10.65h19.52v-4.31h-24.47v34.68h25.17v-4.31H344.83z M324.52,188.3v14.91H304.6V188.3h-4.95v34.68h4.95v-15.46h19.92 v15.46h4.95V188.3H324.52z M274.83,223.37c9.17,0,14.66-5.3,14.66-15.36V188.3h-4.81v19.52c0,7.68-3.57,11.15-9.81,11.15 c-6.24,0-9.76-3.47-9.76-11.15V188.3h-4.95v19.72C260.16,218.07,265.71,223.37,274.83,223.37z M279.48,184.63 c1.39,0,2.53-1.04,2.53-2.53c0-1.49-1.14-2.58-2.53-2.58c-1.39,0-2.53,1.09-2.53,2.58C276.96,183.59,278.1,184.63,279.48,184.63z  M270.27,184.63c1.39,0,2.53-1.04,2.53-2.53c0-1.49-1.14-2.58-2.53-2.58c-1.39,0-2.53,1.09-2.53,2.58 C267.74,183.59,268.88,184.63,270.27,184.63z M250.08,222.98l-0.05-34.68h-4.06l-14.28,24.37l-14.48-24.37h-4.06v34.68h4.76v-25.12 l12.54,20.91h2.29l12.54-21.06l0.05,25.27H250.08z\"><\/path><path class=\"st1\" d=\"M569.71,222.98h5.8l-15.76-19.07l14.81-15.61h-5.65l-18.83,19.37V188.3h-4.95v34.68h4.95v-8.97l6.34-6.44 L569.71,222.98z M529.77,222.98h4.95V188.3h-4.95V222.98z M532.25,184.58c1.63,0,2.92-1.24,2.92-2.92c0-1.63-1.29-2.92-2.92-2.92 c-1.63,0-2.92,1.29-2.92,2.92C529.33,183.34,530.62,184.58,532.25,184.58z M500.35,222.98h23.73v-4.31H505.3V188.3h-4.95V222.98z  M479.69,223.37c9.17,0,13.43-4.56,13.43-9.85c0-12.72-21.01-7.41-21.01-15.9c0-3.03,2.53-5.51,8.42-5.51 c3.07,0,6.49,0.89,9.51,2.82l1.63-3.96c-2.87-1.98-7.08-3.07-11.15-3.07c-9.12,0-13.28,4.56-13.28,9.92c0,12.89,21.01,7.55,21.01,16 c0,3.02-2.58,5.34-8.57,5.34c-4.46,0-8.87-1.68-11.44-4.01l-1.83,3.86C469.18,221.59,474.39,223.37,479.69,223.37z M454.22,222.98 h4.95V188.3h-4.95V222.98z M456.7,184.58c1.63,0,2.92-1.24,2.92-2.92c0-1.63-1.29-2.92-2.92-2.92c-1.63,0-2.92,1.29-2.92,2.92 C453.78,183.34,455.06,184.58,456.7,184.58z M418.25,218.67v-26.06h9.36c8.57,0,14.07,5.25,14.07,13.03 c0,7.78-5.5,13.03-14.07,13.03H418.25z M413.3,222.98h14.61c11.15,0,18.73-7.03,18.73-17.34c0-10.3-7.58-17.34-18.73-17.34H413.3 V222.98z M397.94,188.3v25.86l-20.81-25.86h-4.06v34.68h4.95v-25.86l20.81,25.86h4.06V188.3H397.94z M344.83,218.67v-11.2h17.39 v-4.21h-17.39v-10.65h19.52v-4.31h-24.47v34.68h25.17v-4.31H344.83z M324.52,188.3v14.91H304.6V188.3h-4.95v34.68h4.95v-15.46h19.92 v15.46h4.95V188.3H324.52z M274.83,223.37c9.17,0,14.66-5.3,14.66-15.36V188.3h-4.81v19.52c0,7.68-3.57,11.15-9.81,11.15 c-6.24,0-9.76-3.47-9.76-11.15V188.3h-4.95v19.72C260.16,218.07,265.71,223.37,274.83,223.37z M279.48,184.63 c1.39,0,2.53-1.04,2.53-2.53c0-1.49-1.14-2.58-2.53-2.58c-1.39,0-2.53,1.09-2.53,2.58C276.96,183.59,278.1,184.63,279.48,184.63z  M270.27,184.63c1.39,0,2.53-1.04,2.53-2.53c0-1.49-1.14-2.58-2.53-2.58c-1.39,0-2.53,1.09-2.53,2.58 C267.74,183.59,268.88,184.63,270.27,184.63z M250.08,222.98l-0.05-34.68h-4.06l-14.28,24.37l-14.48-24.37h-4.06v34.68h4.76v-25.12 l12.54,20.91h2.29l12.54-21.06l0.05,25.27H250.08z\"><\/path><\/svg> <\/div>\t\t<\/div>\n\t\t\t\t<\/div>\n\t\t\t\t<div class=\"elementor-element elementor-element-1dbea86 elementor-widget elementor-widget-heading\" data-id=\"1dbea86\" data-element_type=\"widget\" data-widget_type=\"heading.default\">\n\t\t\t\t<div class=\"elementor-widget-container\">\n\t\t\t<h2 class=\"elementor-heading-title elementor-size-default\">H\u0130KAYEM\u0130Z<\/h2>\t\t<\/div>\n\t\t\t\t<\/div>\n\t\t\t\t<div class=\"elementor-element elementor-element-528f5de elementor-widget elementor-widget-text-editor\" data-id=\"528f5de\" data-element_type=\"widget\" data-widget_type=\"text-editor.default\">\n\t\t\t\t<div class=\"elementor-widget-container\">\n\t\t\t\t\t\t\t<p>FTA M\u00fchendislik, 2024 y\u0131l\u0131nda kurulmu\u015f bir elektrik, enerji ve m\u00fchendislik firmas\u0131d\u0131r. Uzman ekibimiz, sekt\u00f6rdeki deneyimimiz ve s\u00fcrd\u00fcr\u00fclebilir enerji \u00e7\u00f6z\u00fcmlerine olan ba\u011fl\u0131l\u0131\u011f\u0131m\u0131zla, m\u00fc\u015fterilerimize en kaliteli hizmeti sunmay\u0131 taahh\u00fct ediyoruz. Elektrik m\u00fchendisli\u011fi, enerji projeleri ve \u00e7e\u015fitli m\u00fchendislik hizmetleri konusundaki bilgi birikimimizle, m\u00fc\u015fterilerimizin ihtiya\u00e7lar\u0131na \u00f6zel \u00e7\u00f6z\u00fcmler \u00fcreterek sekt\u00f6rde \u00f6nc\u00fc bir konumda yer almay\u0131 hedefliyoruz.<\/p>\t\t\t\t\t\t<\/div>\n\t\t\t\t<\/div>\n\t\t\t\t\t<\/div>\n\t\t<\/div>\n\t\t\t\t\t<\/div>\n\t\t<\/section>\n\t\t\t\t<\/div>\n\t\t","protected":false},"excerpt":{"rendered":"<p>HAKKIMIZDA Uzman Kadromuzla Projelerinizi Zirveye \u00c7\u0131kar\u0131n! Fatih At\u0131lgan Kurucu \/ Y\u00f6netici H\u0130KAYEM\u0130Z FTA M\u00fchendislik, 2024 y\u0131l\u0131nda kurulmu\u015f bir elektrik, enerji ve m\u00fchendislik firmas\u0131d\u0131r. Uzman ekibimiz, sekt\u00f6rdeki deneyimimiz ve s\u00fcrd\u00fcr\u00fclebilir enerji \u00e7\u00f6z\u00fcmlerine olan ba\u011fl\u0131l\u0131\u011f\u0131m\u0131zla, m\u00fc\u015fterilerimize en kaliteli hizmeti sunmay\u0131 taahh\u00fct ediyoruz. Elektrik m\u00fchendisli\u011fi, enerji projeleri ve \u00e7e\u015fitli m\u00fchendislik hizmetleri konusundaki bilgi birikimimizle, m\u00fc\u015fterilerimizin ihtiya\u00e7lar\u0131na \u00f6zel \u00e7\u00f6z\u00fcmler [&hellip;]<\/p>\n","protected":false},"author":1,"featured_media":0,"parent":0,"menu_order":0,"comment_status":"closed","ping_status":"closed","template":"","meta":{"_eb_attr":"","_themeisle_gutenberg_block_has_review":false,"footnotes":""},"_links":{"self":[{"href":"https:\/\/ftamuhendislik.com\/index.php\/wp-json\/wp\/v2\/pages\/44"}],"collection":[{"href":"https:\/\/ftamuhendislik.com\/index.php\/wp-json\/wp\/v2\/pages"}],"about":[{"href":"https:\/\/ftamuhendislik.com\/index.php\/wp-json\/wp\/v2\/types\/page"}],"author":[{"embeddable":true,"href":"https:\/\/ftamuhendislik.com\/index.php\/wp-json\/wp\/v2\/users\/1"}],"replies":[{"embeddable":true,"href":"https:\/\/ftamuhendislik.com\/index.php\/wp-json\/wp\/v2\/comments?post=44"}],"version-history":[{"count":37,"href":"https:\/\/ftamuhendislik.com\/index.php\/wp-json\/wp\/v2\/pages\/44\/revisions"}],"predecessor-version":[{"id":1347,"href":"https:\/\/ftamuhendislik.com\/index.php\/wp-json\/wp\/v2\/pages\/44\/revisions\/1347"}],"wp:attachment":[{"href":"https:\/\/ftamuhendislik.com\/index.php\/wp-json\/wp\/v2\/media?parent=44"}],"curies":[{"name":"wp","href":"https:\/\/api.w.org\/{rel}","templated":true}]}}