{"id":32,"date":"2024-02-12T22:35:04","date_gmt":"2024-02-12T22:35:04","guid":{"rendered":"https:\/\/ftamuhendislik.com\/?page_id=32"},"modified":"2024-03-02T01:02:48","modified_gmt":"2024-03-02T01:02:48","slug":"ag-og-elektrik-ve-taahhut","status":"publish","type":"page","link":"https:\/\/ftamuhendislik.com\/index.php\/ag-og-elektrik-ve-taahhut\/","title":{"rendered":"AG OG ELEKTR\u0130K VE TAAHH\u00dcT"},"content":{"rendered":"\t\t<div data-elementor-type=\"wp-page\" data-elementor-id=\"32\" class=\"elementor elementor-32\">\n\t\t\t\t\t\t<section class=\"has_eae_slider elementor-section elementor-top-section elementor-element elementor-element-f3818b1 elementor-section-full_width elementor-section-height-min-height elementor-section-height-default elementor-section-items-middle\" data-id=\"f3818b1\" data-element_type=\"section\" data-settings=\"{&quot;background_background&quot;:&quot;classic&quot;}\">\n\t\t\t\t\t\t<div class=\"elementor-container elementor-column-gap-default\">\n\t\t\t\t\t<div class=\"has_eae_slider elementor-column elementor-col-50 elementor-top-column elementor-element elementor-element-cb53074\" data-id=\"cb53074\" data-element_type=\"column\">\n\t\t\t<div class=\"elementor-widget-wrap elementor-element-populated\">\n\t\t\t\t\t\t<div class=\"elementor-element elementor-element-15f027b elementor-widget elementor-widget-heading\" data-id=\"15f027b\" data-element_type=\"widget\" data-widget_type=\"heading.default\">\n\t\t\t\t<div class=\"elementor-widget-container\">\n\t\t\t<style>\/*! elementor - v3.19.0 - 28-02-2024 *\/\n.elementor-heading-title{padding:0;margin:0;line-height:1}.elementor-widget-heading .elementor-heading-title[class*=elementor-size-]>a{color:inherit;font-size:inherit;line-height:inherit}.elementor-widget-heading .elementor-heading-title.elementor-size-small{font-size:15px}.elementor-widget-heading .elementor-heading-title.elementor-size-medium{font-size:19px}.elementor-widget-heading .elementor-heading-title.elementor-size-large{font-size:29px}.elementor-widget-heading .elementor-heading-title.elementor-size-xl{font-size:39px}.elementor-widget-heading .elementor-heading-title.elementor-size-xxl{font-size:59px}<\/style><h2 class=\"elementor-heading-title elementor-size-default\"><i>AG &amp; OG ELEKTR\u0130K VE TAAHH\u00dcT<i\/><\/h2>\t\t<\/div>\n\t\t\t\t<\/div>\n\t\t\t\t\t<\/div>\n\t\t<\/div>\n\t\t\t\t<div class=\"has_eae_slider elementor-column elementor-col-50 elementor-top-column elementor-element elementor-element-1d5805e\" data-id=\"1d5805e\" data-element_type=\"column\">\n\t\t\t<div class=\"elementor-widget-wrap elementor-element-populated\">\n\t\t\t\t\t\t<div class=\"elementor-element elementor-element-4153d5c elementor-widget elementor-widget-text-editor\" data-id=\"4153d5c\" data-element_type=\"widget\" data-widget_type=\"text-editor.default\">\n\t\t\t\t<div class=\"elementor-widget-container\">\n\t\t\t<style>\/*! elementor - v3.19.0 - 28-02-2024 *\/\n.elementor-widget-text-editor.elementor-drop-cap-view-stacked .elementor-drop-cap{background-color:#69727d;color:#fff}.elementor-widget-text-editor.elementor-drop-cap-view-framed .elementor-drop-cap{color:#69727d;border:3px solid;background-color:transparent}.elementor-widget-text-editor:not(.elementor-drop-cap-view-default) .elementor-drop-cap{margin-top:8px}.elementor-widget-text-editor:not(.elementor-drop-cap-view-default) .elementor-drop-cap-letter{width:1em;height:1em}.elementor-widget-text-editor .elementor-drop-cap{float:left;text-align:center;line-height:1;font-size:50px}.elementor-widget-text-editor .elementor-drop-cap-letter{display:inline-block}<\/style>\t\t\t\t<strong>Al\u00e7ak Gerilim ve Y\u00fcksek Gerilim Proje \u00c7izimi ve Taahh\u00fct<\/strong>\t\t\t\t\t\t<\/div>\n\t\t\t\t<\/div>\n\t\t\t\t\t<\/div>\n\t\t<\/div>\n\t\t\t\t\t<\/div>\n\t\t<\/section>\n\t\t\t\t<section class=\"has_eae_slider elementor-section elementor-top-section elementor-element elementor-element-b1a3650 elementor-section-full_width elementor-section-height-min-height elementor-section-content-middle elementor-section-height-default elementor-section-items-middle\" data-id=\"b1a3650\" data-element_type=\"section\">\n\t\t\t\t\t\t<div class=\"elementor-container elementor-column-gap-default\">\n\t\t\t\t\t<div class=\"has_eae_slider elementor-column elementor-col-33 elementor-top-column elementor-element elementor-element-0917bfc\" data-id=\"0917bfc\" data-element_type=\"column\" data-settings=\"{&quot;background_background&quot;:&quot;slideshow&quot;,&quot;background_slideshow_gallery&quot;:[],&quot;background_slideshow_loop&quot;:&quot;yes&quot;,&quot;background_slideshow_slide_duration&quot;:5000,&quot;background_slideshow_slide_transition&quot;:&quot;fade&quot;,&quot;background_slideshow_transition_duration&quot;:500}\">\n\t\t\t<div class=\"elementor-widget-wrap elementor-element-populated\">\n\t\t\t\t\t\t<div class=\"elementor-element elementor-element-2589226 elementor-widget elementor-widget-image\" data-id=\"2589226\" data-element_type=\"widget\" data-widget_type=\"image.default\">\n\t\t\t\t<div class=\"elementor-widget-container\">\n\t\t\t<style>\/*! elementor - v3.19.0 - 28-02-2024 *\/\n.elementor-widget-image{text-align:center}.elementor-widget-image a{display:inline-block}.elementor-widget-image a img[src$=\".svg\"]{width:48px}.elementor-widget-image img{vertical-align:middle;display:inline-block}<\/style>\t\t\t\t\t\t\t\t\t\t<img fetchpriority=\"high\" decoding=\"async\" width=\"800\" height=\"534\" src=\"https:\/\/ftamuhendislik.com\/wp-content\/uploads\/2024\/02\/bakim-2.jpg\" class=\"attachment-large size-large wp-image-364\" alt=\"\" srcset=\"https:\/\/ftamuhendislik.com\/wp-content\/uploads\/2024\/02\/bakim-2.jpg 1000w, https:\/\/ftamuhendislik.com\/wp-content\/uploads\/2024\/02\/bakim-2-300x200.jpg 300w, https:\/\/ftamuhendislik.com\/wp-content\/uploads\/2024\/02\/bakim-2-768x512.jpg 768w\" sizes=\"(max-width: 800px) 100vw, 800px\" \/>\t\t\t\t\t\t\t\t\t\t\t\t\t<\/div>\n\t\t\t\t<\/div>\n\t\t\t\t\t<\/div>\n\t\t<\/div>\n\t\t\t\t<div class=\"has_eae_slider elementor-column elementor-col-66 elementor-top-column elementor-element elementor-element-db4964e\" data-id=\"db4964e\" data-element_type=\"column\">\n\t\t\t<div class=\"elementor-widget-wrap elementor-element-populated\">\n\t\t\t\t\t\t<div class=\"elementor-element elementor-element-37ef91c elementor-widget__width-initial elementor-widget elementor-widget-text-editor\" data-id=\"37ef91c\" data-element_type=\"widget\" data-widget_type=\"text-editor.default\">\n\t\t\t\t<div class=\"elementor-widget-container\">\n\t\t\t\t\t\t\t<blockquote><p>Elektrik ve taahh\u00fct sekt\u00f6r\u00fcnde firmam\u0131z, enerji iletimi ve da\u011f\u0131t\u0131m\u0131 konusundaki \u00f6nemli kavramlar\u0131 ba\u015far\u0131yla y\u00f6netiyor. Gerilim, elektriksel sistemlerdeki temel bir \u00f6l\u00e7\u00fc birimidir ve sembol\u00fc U veya E harfleriyle g\u00f6sterilir, birimi ise Volt&#8217;tur (V).<\/p><p>Do\u011fru ak\u0131m \u00fcrete\u00e7leri, \u00f6rne\u011fin piller ve ak\u00fcler, genellikle 1.5 ila 110 V aras\u0131nda gerilime sahipken, evlerimizde kulland\u0131\u011f\u0131m\u0131z alternatif ak\u0131m\u0131n gerilimi 220 V, sanayide kullan\u0131lan alternatif ak\u0131m\u0131n gerilimi ise 380 V&#8217;tur. Gerilim seviyesi artt\u0131k\u00e7a, bu durum enerji sistemlerindeki izolasyon gereksinimlerini zorla\u015ft\u0131r\u0131r ve can g\u00fcvenli\u011fi riskini art\u0131r\u0131r. Bu nedenle, pratik kullan\u0131mda tercih edilen enerji gerilimi genellikle 110-380 Volt aras\u0131ndaki al\u00e7ak gerilim seviyesindedir.<\/p><p>Enerjinin uzak b\u00f6lgelere ta\u015f\u0131nmas\u0131 ve da\u011f\u0131t\u0131lmas\u0131 i\u00e7in gerilim seviyesini y\u00fckseltmek gereklidir. T\u00fcrkiye&#8217;de, enerji iletim hatlar\u0131 ve transformat\u00f6rler arac\u0131l\u0131\u011f\u0131yla enerji ta\u015f\u0131nmas\u0131nda en y\u00fcksek gerilime sahip olanlar 380 kV&#8217;dir. Bu iletim hatlar\u0131, T\u00fcrkiye genelinde en uzun mesafeli ve en g\u00fc\u00e7l\u00fc hatlard\u0131r.<\/p><p>Firmam\u0131z, T\u00fcrkiye genelinde AG (Al\u00e7ak Gerilim), OG (Orta Gerilim) ve YG (Y\u00fcksek Gerilim) kategorilerinde iletim hatlar\u0131 \u00e7ekebilecek teknik donan\u0131ma ve deneyime sahiptir. Ayr\u0131ca, proje yap\u0131m\u0131, enerji m\u00fcsadeleri, ge\u00e7ici kabuller, izinler ve anla\u015fmalar gibi s\u00fcre\u00e7leri titizlikle y\u00f6neterek m\u00fc\u015fterilere anahtar teslim hizmet sunmaktad\u0131r. Profesyonel ekibimiz, m\u00fc\u015fterilere g\u00fcvenilir ve s\u00fcrd\u00fcr\u00fclebilir enerji \u00e7\u00f6z\u00fcmleri sunmak i\u00e7in s\u00fcrekli olarak g\u00fcncellenen sekt\u00f6r standartlar\u0131na uyum sa\u011flar.<\/p><\/blockquote>\t\t\t\t\t\t<\/div>\n\t\t\t\t<\/div>\n\t\t\t\t\t<\/div>\n\t\t<\/div>\n\t\t\t\t\t<\/div>\n\t\t<\/section>\n\t\t\t\t<section class=\"has_eae_slider elementor-section elementor-top-section elementor-element elementor-element-2b79a89 elementor-section-full_width elementor-section-height-min-height elementor-section-height-default elementor-section-items-middle\" data-id=\"2b79a89\" data-element_type=\"section\">\n\t\t\t\t\t\t\t<div class=\"elementor-background-overlay\"><\/div>\n\t\t\t\t\t\t\t<div class=\"elementor-container elementor-column-gap-default\">\n\t\t\t\t\t<div class=\"has_eae_slider elementor-column elementor-col-100 elementor-top-column elementor-element elementor-element-902ff79\" data-id=\"902ff79\" data-element_type=\"column\">\n\t\t\t<div class=\"elementor-widget-wrap elementor-element-populated\">\n\t\t\t\t\t\t<div class=\"elementor-element elementor-element-065acac animated-slow elementor-invisible elementor-widget elementor-widget-heading\" data-id=\"065acac\" data-element_type=\"widget\" data-settings=\"{&quot;_animation&quot;:&quot;fadeInDown&quot;}\" data-widget_type=\"heading.default\">\n\t\t\t\t<div class=\"elementor-widget-container\">\n\t\t\t<h2 class=\"elementor-heading-title elementor-size-default\">Projelerimizi incelemek ve hizmet bilgisi almak i\u00e7in t\u0131klay\u0131n.<\/h2>\t\t<\/div>\n\t\t\t\t<\/div>\n\t\t\t\t\t<\/div>\n\t\t<\/div>\n\t\t\t\t\t<\/div>\n\t\t<\/section>\n\t\t\t\t<section class=\"has_eae_slider elementor-section elementor-top-section elementor-element elementor-element-6c30721 animated-slow elementor-section-boxed elementor-section-height-default elementor-section-height-default\" data-id=\"6c30721\" data-element_type=\"section\" data-settings=\"{&quot;animation&quot;:&quot;none&quot;}\">\n\t\t\t\t\t\t\t<div class=\"elementor-background-overlay\"><\/div>\n\t\t\t\t\t\t\t<div class=\"elementor-container elementor-column-gap-default\">\n\t\t\t\t\t<div class=\"has_eae_slider elementor-column elementor-col-50 elementor-top-column elementor-element elementor-element-80e523b\" data-id=\"80e523b\" data-element_type=\"column\">\n\t\t\t<div class=\"elementor-widget-wrap elementor-element-populated\">\n\t\t\t\t\t\t<div class=\"elementor-element elementor-element-5a91143 animated-slow elementor-invisible elementor-widget elementor-widget-sina_dynamic_button\" data-id=\"5a91143\" data-element_type=\"widget\" data-settings=\"{&quot;_animation&quot;:&quot;fadeInUp&quot;}\" data-widget_type=\"sina_dynamic_button.default\">\n\t\t\t\t<div class=\"elementor-widget-container\">\n\t\t\t\t\t<div class=\"sina-dynamic-button\">\r\n\t\t\t<a  class=\"sina-dynamic-btn  sina-anim-right-moving sina-hv-door-h\" href=\"https:\/\/ftamuhendislik.com\/index.php\/projeler-2\/\"\r\n\t\t\t\t\t\t\t\t\t\t\t\t>\r\n\t\t\t\t\t\t\tPROJELER\t\t\t\t\t<i class=\"icofont icofont-ui-next sina-icon-right\"><\/i>\r\n\t\t\t\t\t\t<\/a>\r\n\t\t<\/div><!-- .sina-dynamic-button -->\r\n\t\t\t\t<\/div>\n\t\t\t\t<\/div>\n\t\t\t\t\t<\/div>\n\t\t<\/div>\n\t\t\t\t<div class=\"has_eae_slider elementor-column elementor-col-50 elementor-top-column elementor-element elementor-element-503ec17\" data-id=\"503ec17\" data-element_type=\"column\">\n\t\t\t<div class=\"elementor-widget-wrap elementor-element-populated\">\n\t\t\t\t\t\t<div class=\"elementor-element elementor-element-4cdf7f8 animated-slow elementor-invisible elementor-widget elementor-widget-sina_dynamic_button\" data-id=\"4cdf7f8\" data-element_type=\"widget\" data-settings=\"{&quot;_animation&quot;:&quot;fadeInUp&quot;}\" data-widget_type=\"sina_dynamic_button.default\">\n\t\t\t\t<div class=\"elementor-widget-container\">\n\t\t\t\t\t<div class=\"sina-dynamic-button\">\r\n\t\t\t<a  class=\"sina-dynamic-btn  sina-anim-right-bouncing sina-hv-door-h\" href=\"tel:905057287762\"\r\n\t\t\t\t\t\t\t\t\t\t\t\t>\r\n\t\t\t\t\t\t\tB\u0130LG\u0130 AL\t\t\t\t\t<i class=\"icofont icofont-ui-call sina-icon-right\"><\/i>\r\n\t\t\t\t\t\t<\/a>\r\n\t\t<\/div><!-- .sina-dynamic-button -->\r\n\t\t\t\t<\/div>\n\t\t\t\t<\/div>\n\t\t\t\t\t<\/div>\n\t\t<\/div>\n\t\t\t\t\t<\/div>\n\t\t<\/section>\n\t\t\t\t<section class=\"has_eae_slider elementor-section elementor-top-section elementor-element elementor-element-92d72e6 elementor-section-boxed elementor-section-height-default elementor-section-height-default\" data-id=\"92d72e6\" data-element_type=\"section\">\n\t\t\t\t\t\t\t<div class=\"elementor-background-overlay\"><\/div>\n\t\t\t\t\t\t\t<div class=\"elementor-container elementor-column-gap-default\">\n\t\t\t\t\t<div class=\"has_eae_slider elementor-column elementor-col-100 elementor-top-column elementor-element elementor-element-4dcb41a\" data-id=\"4dcb41a\" data-element_type=\"column\">\n\t\t\t<div class=\"elementor-widget-wrap elementor-element-populated\">\n\t\t\t\t\t\t<div class=\"elementor-element elementor-element-e934e04 elementor-widget elementor-widget-sina_content_slider\" data-id=\"e934e04\" data-element_type=\"widget\" data-widget_type=\"sina_content_slider.default\">\n\t\t\t\t<div class=\"elementor-widget-container\">\n\t\t\t\t\t<div class=\"sina-content-slider owl-carousel\"\r\n\t\tdata-item-lg=\"3\"\r\n\t\tdata-item-md=\"2\"\r\n\t\tdata-item-sm=\"1\"\r\n\t\tdata-autoplay=\"yes\"\r\n\t\tdata-pause=\"yes\"\r\n\t\tdata-center=\"\"\r\n\t\tdata-slide-anim=\"\"\r\n\t\tdata-slide-anim-out=\"\"\r\n\t\tdata-nav=\"yes\"\r\n\t\tdata-dots=\"yes\"\r\n\t\tdata-mouse-drag=\"yes\"\r\n\t\tdata-touch-drag=\"yes\"\r\n\t\tdata-loop=\"yes\"\r\n\t\tdata-speed=\"500\"\r\n\t\tdata-delay=\"5000\">\r\n\r\n\t\t\t\t\t\t\t<div class=\"sina-cs-item elementor-repeater-item-57876b3\">\r\n\t\t\t\t\t\t\t\t\t\t\t\t\t\t\t\t\t\t<h2 class=\"sina-cs-title\">Al\u00e7ak Gerilim<\/h2>\t\t\t\t\t\t\r\n\t\t\t\t\t\t\r\n\t\t\t\t\t\t\t\t\t\t\t\t\t<div class=\"sina-cs-desc\">\nAl\u00e7ak gerilim hizmetimiz, modern panolar, \u00f6zelle\u015ftirilmi\u015f tasar\u0131mlar ve kat\u0131 g\u00fcvenlik standartlar\u0131yla, m\u00fc\u015fterilerimizin enerji iletim ihtiya\u00e7lar\u0131n\u0131 en verimli, g\u00fcvenli ve \u00e7evresel a\u00e7\u0131dan s\u00fcrd\u00fcr\u00fclebilir \u015fekilde kar\u015f\u0131lamay\u0131 ama\u00e7lar. Elektrik sistemlerini optimize ederken g\u00fcvenilirlik ve performans\u0131 bir araya getiriyoruz.<\/div>\t\t\t\t\t\t\t\t\t\t\t\t\t\t\t<\/div>\r\n\t\t\t\t\t\t\t<div class=\"sina-cs-item elementor-repeater-item-9ae8ec4\">\r\n\t\t\t\t\t\t\t\t\t\t\t\t\t\t\t\t\t\t<h2 class=\"sina-cs-title\">Orta Gerilim<\/h2>\t\t\t\t\t\t\r\n\t\t\t\t\t\t\r\n\t\t\t\t\t\t\t\t\t\t\t\t\t<div class=\"sina-cs-desc\">Orta gerilim hizmetlerimiz, enerji iletim ve da\u011f\u0131t\u0131m projelerinde uzmanla\u015fm\u0131\u015f bir \u00e7\u00f6z\u00fcm sunmaktad\u0131r. Bu kapsamda, 1.000 Volt ile 15.000 Volt aras\u0131ndaki gerilim seviyeleri \u00fczerinde odaklanarak \u015fu hizmetleri sunuyoruz: \u0130letim Hatlar\u0131 ve Transformat\u00f6rler, Orta Gerilim Panolar\u0131, Elektrik Sistem Tasar\u0131m\u0131, G\u00fcvenlik ve Standardizasyon, Proje Y\u00f6netimi. <\/div>\t\t\t\t\t\t\t\t\t\t\t\t\t\t\t<\/div>\r\n\t\t\t\t\t\t\t<div class=\"sina-cs-item elementor-repeater-item-6ab1b14\">\r\n\t\t\t\t\t\t\t\t\t\t\t\t\t\t\t\t\t\t<h2 class=\"sina-cs-title\">Y\u00fcksek Gerilim<\/h2>\t\t\t\t\t\t\r\n\t\t\t\t\t\t\r\n\t\t\t\t\t\t\t\t\t\t\t\t\t<div class=\"sina-cs-desc\">\nY\u00fcksek gerilim hizmetlerimiz, 15.000 Volt ve \u00fczerindeki gerilim seviyelerindeki enerji iletim ve da\u011f\u0131t\u0131m projelerine odaklanmaktad\u0131r. \u0130letim hatlar\u0131, transformat\u00f6rler ve y\u00fcksek gerilim panolar\u0131 kullanarak, m\u00fc\u015fterilerimize g\u00fcvenli, etkili ve y\u00fcksek kapasiteli enerji \u00e7\u00f6z\u00fcmleri sunmaktay\u0131z. <\/div>\t\t\t\t\t\t\t\t\t\t\t\t\t\t\t<\/div>\r\n\t\t\t\r\n\t\t<\/div><!-- .sina-content-slider -->\r\n\t\t\t\t<\/div>\n\t\t\t\t<\/div>\n\t\t\t\t\t<\/div>\n\t\t<\/div>\n\t\t\t\t\t<\/div>\n\t\t<\/section>\n\t\t\t\t<\/div>\n\t\t","protected":false},"excerpt":{"rendered":"<p>AG &amp; OG ELEKTR\u0130K VE TAAHH\u00dcT Al\u00e7ak Gerilim ve Y\u00fcksek Gerilim Proje \u00c7izimi ve Taahh\u00fct Elektrik ve taahh\u00fct sekt\u00f6r\u00fcnde firmam\u0131z, enerji iletimi ve da\u011f\u0131t\u0131m\u0131 konusundaki \u00f6nemli kavramlar\u0131 ba\u015far\u0131yla y\u00f6netiyor. Gerilim, elektriksel sistemlerdeki temel bir \u00f6l\u00e7\u00fc birimidir ve sembol\u00fc U veya E harfleriyle g\u00f6sterilir, birimi ise Volt&#8217;tur (V). Do\u011fru ak\u0131m \u00fcrete\u00e7leri, \u00f6rne\u011fin piller ve ak\u00fcler, genellikle [&hellip;]<\/p>\n","protected":false},"author":1,"featured_media":0,"parent":0,"menu_order":0,"comment_status":"closed","ping_status":"closed","template":"","meta":{"_eb_attr":"","_themeisle_gutenberg_block_has_review":false,"footnotes":""},"_links":{"self":[{"href":"https:\/\/ftamuhendislik.com\/index.php\/wp-json\/wp\/v2\/pages\/32"}],"collection":[{"href":"https:\/\/ftamuhendislik.com\/index.php\/wp-json\/wp\/v2\/pages"}],"about":[{"href":"https:\/\/ftamuhendislik.com\/index.php\/wp-json\/wp\/v2\/types\/page"}],"author":[{"embeddable":true,"href":"https:\/\/ftamuhendislik.com\/index.php\/wp-json\/wp\/v2\/users\/1"}],"replies":[{"embeddable":true,"href":"https:\/\/ftamuhendislik.com\/index.php\/wp-json\/wp\/v2\/comments?post=32"}],"version-history":[{"count":61,"href":"https:\/\/ftamuhendislik.com\/index.php\/wp-json\/wp\/v2\/pages\/32\/revisions"}],"predecessor-version":[{"id":1133,"href":"https:\/\/ftamuhendislik.com\/index.php\/wp-json\/wp\/v2\/pages\/32\/revisions\/1133"}],"wp:attachment":[{"href":"https:\/\/ftamuhendislik.com\/index.php\/wp-json\/wp\/v2\/media?parent=32"}],"curies":[{"name":"wp","href":"https:\/\/api.w.org\/{rel}","templated":true}]}}